{"id":1626,"date":"2019-06-25T11:01:52","date_gmt":"2019-06-25T11:01:52","guid":{"rendered":"https:\/\/www.mienthuis.nl\/?page_id=1626"},"modified":"2019-06-25T11:46:15","modified_gmt":"2019-06-25T11:46:15","slug":"verfuegbarkeit","status":"publish","type":"page","link":"https:\/\/www.mienthuis.nl\/de\/verfuegbarkeit\/","title":{"rendered":"Verf\u00fcgbarkeit"},"content":{"rendered":"\t\t<div data-elementor-type=\"wp-post\" data-elementor-id=\"1626\" class=\"elementor elementor-1626 elementor-286 elementor-bc-flex-widget\" data-elementor-post-type=\"page\">\n\t\t\t\t\t\t<section class=\"elementor-section elementor-top-section elementor-element elementor-element-7d3b2d1 elementor-section-stretched elementor-section-full_width elementor-section-height-min-height elementor-section-items-bottom elementor-section-height-default\" data-id=\"7d3b2d1\" data-element_type=\"section\" data-e-type=\"section\" data-settings=\"{&quot;stretch_section&quot;:&quot;section-stretched&quot;,&quot;background_background&quot;:&quot;classic&quot;}\">\n\t\t\t\t\t\t<div class=\"elementor-container elementor-column-gap-no\">\n\t\t\t\t\t<div class=\"elementor-column elementor-col-100 elementor-top-column elementor-element elementor-element-d441560\" data-id=\"d441560\" data-element_type=\"column\" data-e-type=\"column\" data-settings=\"{&quot;background_background&quot;:&quot;classic&quot;}\">\n\t\t\t<div class=\"elementor-widget-wrap elementor-element-populated\">\n\t\t\t\t\t\t<div class=\"elementor-element elementor-element-3140053 elementor-widget elementor-widget-wp-widget-wpbookzowidgetsearch\" data-id=\"3140053\" data-element_type=\"widget\" data-e-type=\"widget\" data-widget_type=\"wp-widget-wpbookzowidgetsearch.default\">\n\t\t\t\t<div class=\"elementor-widget-container\">\n\t\t\t\t\t<div class=\"bz-search\">\r\n\t<form action=\"https:\/\/www.mienthuis.nl\/de\/accommodaties\/?layout=results\" method=\"post\" class=\"bz-form bz-form-full\" >\r\n\t\t<div class=\"bz-grid \">\r\n\t\t\t\t\t\t<div class=\"bz-width-1-1 bz-width-medium-1-5 bz-width-small-1-2 th-field-persons\">\r\n\t\t\t\t<label class=\"bz-label\">\r\n\t\t\t\t\t<i class=\"fa fa-user\"><\/i>\t\t\t\t\tPersonen:\r\n\t\t\t\t<\/label>\r\n\t\t\t\t<select name=\"persons\" id=\"persons\" data-bz-search><option value=\"1\" >1 Person<\/option><option value=\"2\"  selected=\"selected\">2 Personen<\/option><option value=\"3\" >3 Personen<\/option><option value=\"4\" >4 Personen<\/option><\/select>\t\t\t<\/div>\r\n\t\t\t\t\t\t\t\t\t\t<div class=\"bz-width-1-1 bz-width-medium-1-5 bz-width-small-1-2 th-field-month\">\r\n\t\t\t\t\t<label class=\"bz-label\">\r\n\t\t\t\t\t\t<i class=\"fa fa-calendar\"><\/i>\t\t\t\t\t\tMonat:\r\n\t\t\t\t\t<\/label>\r\n\t\t\t\t\t<select name=\"month\" id=\"month\" data-bz-search><option value=\"\" >--<\/option><\/select>\t\t\t\t<\/div>\r\n\t\t\t\t\t\t\t\t\t<div class=\"bz-width-1-1 bz-width-medium-1-5 bz-width-small-1-2 th-field-arrival\">\r\n\t\t\t\t<label class=\"bz-label\">\r\n\t\t\t\t\t<i class=\"fa fa-flag\"><\/i>\t\t\t\t\tAnreise:\r\n\t\t\t\t<\/label>\r\n\t\t\t\t<select name=\"arrival\" id=\"arrival\" data-bz-search><option value=\"\"  selected=\"selected\">--<\/option><\/select>\t\t\t<\/div>\r\n\t\t\t\t\t\t\t<div class=\"bz-width-1-1 bz-width-medium-1-5 bz-width-small-1-2 th-field-departure\">\r\n\t\t\t\t\t<label class=\"bz-label\">\r\n\t\t\t\t\t\t<i class=\"fa fa-suitcase\"><\/i>\t\t\t\t\t\tAbreise:\r\n\t\t\t\t\t<\/label>\r\n\t\t\t\t\t<select name=\"departure\" id=\"departure\" ><option value=\"\"  selected=\"selected\">--<\/option><\/select>\t\t\t\t<\/div>\r\n\t\t\t\t\t\t\t\t\t<div class=\"bz-width-1-1 bz-width-medium-1-5  buttonrow\">\r\n\t\t\t\t<button type=\"submit\" id=\"Submit2\" class=\"bz-button bz-button-primary\">\r\n\t\t\t\t\t<i class=\"fa fa-search\"><\/i>\t\t\t\t\tSuchen\t\t\t\t<\/button>\r\n\t\t\t<\/div>\r\n\t\t<\/div>\r\n\t\t\t\t\t\t\t\t<input type=\"hidden\" name=\"task\" value=\"results.search\" \/>\r\n\t\t\t\t\t\t\t\t\t<\/form>\r\n\r\n\r\n<\/div>\t\t\t\t<\/div>\n\t\t\t\t<\/div>\n\t\t\t\t\t<\/div>\n\t\t<\/div>\n\t\t\t\t\t<\/div>\n\t\t<\/section>\n\t\t\t\t<section class=\"elementor-section elementor-top-section elementor-element elementor-element-688f6ba elementor-section-stretched elementor-section-boxed elementor-section-height-default elementor-section-height-default\" data-id=\"688f6ba\" data-element_type=\"section\" data-e-type=\"section\" data-settings=\"{&quot;stretch_section&quot;:&quot;section-stretched&quot;}\">\n\t\t\t\t\t\t<div class=\"elementor-container elementor-column-gap-default\">\n\t\t\t\t\t<div class=\"elementor-column elementor-col-100 elementor-top-column elementor-element elementor-element-32d0dfa\" data-id=\"32d0dfa\" data-element_type=\"column\" data-e-type=\"column\">\n\t\t\t<div class=\"elementor-widget-wrap elementor-element-populated\">\n\t\t\t\t\t\t<div class=\"elementor-element elementor-element-992ffd8 elementor-widget elementor-widget-heading\" data-id=\"992ffd8\" data-element_type=\"widget\" data-e-type=\"widget\" data-widget_type=\"heading.default\">\n\t\t\t\t<div class=\"elementor-widget-container\">\n\t\t\t\t\t<h1 class=\"elementor-heading-title elementor-size-default\">Verf\u00fcgbarkeit Ferienh\u00e4user Mienthuis<\/h1>\t\t\t\t<\/div>\n\t\t\t\t<\/div>\n\t\t\t\t<div class=\"elementor-element elementor-element-eab4168 elementor-widget elementor-widget-text-editor\" data-id=\"eab4168\" data-element_type=\"widget\" data-e-type=\"widget\" data-widget_type=\"text-editor.default\">\n\t\t\t\t<div class=\"elementor-widget-container\">\n\t\t\t\t\t\t\t\t\tUnten finden Sie eine \u00dcbersicht der freien Termine f\u00fcr die einzelnen Ferienh\u00e4user. An den gr\u00fcn unterlegten Tagen sind die H\u00e4user frei, an den rot unterlegten Tagen sind sie bereits belegt. Wenn Sie Sonderw\u00fcnsche haben oder beispielsweise mehrere H\u00e4user im gleichen Zeitraum buchen m\u00f6chten, setzen Sie sich bitte mit uns in Verbindung, damit wir die M\u00f6glichkeiten besprechen k\u00f6nnen. Sie erreichen uns telefonisch unter der Rufnummer <a href=\"tel:0031222310772\">+31 (0)222 310 772<\/a> oder per E-Mail an <a href=\"mailto:info@mienthuis.nl\">info@mienthuis.nl<\/a>.\t\t\t\t\t\t\t\t<\/div>\n\t\t\t\t<\/div>\n\t\t\t\t\t<\/div>\n\t\t<\/div>\n\t\t\t\t\t<\/div>\n\t\t<\/section>\n\t\t\t\t<section class=\"elementor-section elementor-top-section elementor-element elementor-element-ce366b9 elementor-section-boxed elementor-section-height-default elementor-section-height-default\" data-id=\"ce366b9\" data-element_type=\"section\" data-e-type=\"section\">\n\t\t\t\t\t\t<div class=\"elementor-container elementor-column-gap-default\">\n\t\t\t\t\t<div class=\"elementor-column elementor-col-100 elementor-top-column elementor-element elementor-element-3653542\" data-id=\"3653542\" data-element_type=\"column\" data-e-type=\"column\">\n\t\t\t<div class=\"elementor-widget-wrap elementor-element-populated\">\n\t\t\t\t\t\t<div class=\"elementor-element elementor-element-d72e585 bookzobeschikbaarheid elementor-widget elementor-widget-html\" data-id=\"d72e585\" data-element_type=\"widget\" data-e-type=\"widget\" data-widget_type=\"html.default\">\n\t\t\t\t<div class=\"elementor-widget-container\">\n\t\t\t\t\t<iframe src=\"https:\/\/web.mijnreservering.info\/mienthuis\/de\/bezettingaccommodaties?free=%2391CD01&amp;occupied=%23CB2809&amp;font=black&amp;background=white&amp;header=%23f29547\" height=\"400px\"><\/iframe>\t\t\t\t<\/div>\n\t\t\t\t<\/div>\n\t\t\t\t\t<\/div>\n\t\t<\/div>\n\t\t\t\t\t<\/div>\n\t\t<\/section>\n\t\t\t\t<\/div>\n\t\t","protected":false},"excerpt":{"rendered":"<p>Verf\u00fcgbarkeit Ferienh\u00e4user Mienthuis Unten finden Sie eine \u00dcbersicht der freien Termine f\u00fcr die einzelnen Ferienh\u00e4user. An den gr\u00fcn unterlegten Tagen sind die H\u00e4user frei, an den rot unterlegten Tagen sind sie bereits belegt. Wenn Sie Sonderw\u00fcnsche haben oder beispielsweise mehrere H\u00e4user im gleichen Zeitraum buchen m\u00f6chten, setzen Sie sich bitte mit uns in Verbindung, damit [&hellip;]<\/p>\n","protected":false},"author":1,"featured_media":0,"parent":0,"menu_order":0,"comment_status":"closed","ping_status":"closed","template":"","meta":{"site-sidebar-layout":"no-sidebar","site-content-layout":"page-builder","ast-site-content-layout":"default","site-content-style":"default","site-sidebar-style":"default","ast-global-header-display":"","ast-banner-title-visibility":"","ast-main-header-display":"","ast-hfb-above-header-display":"","ast-hfb-below-header-display":"","ast-hfb-mobile-header-display":"","site-post-title":"disabled","ast-breadcrumbs-content":"","ast-featured-img":"disabled","footer-sml-layout":"","ast-disable-related-posts":"","theme-transparent-header-meta":"default","adv-header-id-meta":"","stick-header-meta":"default","header-above-stick-meta":"","header-main-stick-meta":"","header-below-stick-meta":"","astra-migrate-meta-layouts":"default","ast-page-background-enabled":"default","ast-page-background-meta":{"desktop":{"background-color":"","background-image":"","background-repeat":"repeat","background-position":"center center","background-size":"auto","background-attachment":"scroll","background-type":"","background-media":"","overlay-type":"","overlay-color":"","overlay-opacity":"","overlay-gradient":""},"tablet":{"background-color":"","background-image":"","background-repeat":"repeat","background-position":"center center","background-size":"auto","background-attachment":"scroll","background-type":"","background-media":"","overlay-type":"","overlay-color":"","overlay-opacity":"","overlay-gradient":""},"mobile":{"background-color":"","background-image":"","background-repeat":"repeat","background-position":"center center","background-size":"auto","background-attachment":"scroll","background-type":"","background-media":"","overlay-type":"","overlay-color":"","overlay-opacity":"","overlay-gradient":""}},"ast-content-background-meta":{"desktop":{"background-color":"var(--ast-global-color-5)","background-image":"","background-repeat":"repeat","background-position":"center center","background-size":"auto","background-attachment":"scroll","background-type":"","background-media":"","overlay-type":"","overlay-color":"","overlay-opacity":"","overlay-gradient":""},"tablet":{"background-color":"var(--ast-global-color-5)","background-image":"","background-repeat":"repeat","background-position":"center center","background-size":"auto","background-attachment":"scroll","background-type":"","background-media":"","overlay-type":"","overlay-color":"","overlay-opacity":"","overlay-gradient":""},"mobile":{"background-color":"var(--ast-global-color-5)","background-image":"","background-repeat":"repeat","background-position":"center center","background-size":"auto","background-attachment":"scroll","background-type":"","background-media":"","overlay-type":"","overlay-color":"","overlay-opacity":"","overlay-gradient":""}},"footnotes":""},"class_list":["post-1626","page","type-page","status-publish","hentry"],"_links":{"self":[{"href":"https:\/\/www.mienthuis.nl\/de\/wp-json\/wp\/v2\/pages\/1626","targetHints":{"allow":["GET"]}}],"collection":[{"href":"https:\/\/www.mienthuis.nl\/de\/wp-json\/wp\/v2\/pages"}],"about":[{"href":"https:\/\/www.mienthuis.nl\/de\/wp-json\/wp\/v2\/types\/page"}],"author":[{"embeddable":true,"href":"https:\/\/www.mienthuis.nl\/de\/wp-json\/wp\/v2\/users\/1"}],"replies":[{"embeddable":true,"href":"https:\/\/www.mienthuis.nl\/de\/wp-json\/wp\/v2\/comments?post=1626"}],"version-history":[{"count":4,"href":"https:\/\/www.mienthuis.nl\/de\/wp-json\/wp\/v2\/pages\/1626\/revisions"}],"predecessor-version":[{"id":1696,"href":"https:\/\/www.mienthuis.nl\/de\/wp-json\/wp\/v2\/pages\/1626\/revisions\/1696"}],"wp:attachment":[{"href":"https:\/\/www.mienthuis.nl\/de\/wp-json\/wp\/v2\/media?parent=1626"}],"curies":[{"name":"wp","href":"https:\/\/api.w.org\/{rel}","templated":true}]}}