{"id":1665,"date":"2019-06-25T11:10:58","date_gmt":"2019-06-25T11:10:58","guid":{"rendered":"https:\/\/www.mienthuis.nl\/?page_id=1665"},"modified":"2019-06-25T11:11:30","modified_gmt":"2019-06-25T11:11:30","slug":"ueber-uns","status":"publish","type":"page","link":"https:\/\/www.mienthuis.nl\/de\/ueber-uns\/","title":{"rendered":"\u00dcber uns"},"content":{"rendered":"\t\t<div data-elementor-type=\"wp-post\" data-elementor-id=\"1665\" class=\"elementor elementor-1665 elementor-290 elementor-bc-flex-widget\" data-elementor-post-type=\"page\">\n\t\t\t\t\t\t<section class=\"elementor-section elementor-top-section elementor-element elementor-element-d472345 elementor-section-stretched elementor-section-full_width elementor-section-height-min-height elementor-section-items-bottom elementor-section-height-default\" data-id=\"d472345\" data-element_type=\"section\" data-e-type=\"section\" data-settings=\"{&quot;stretch_section&quot;:&quot;section-stretched&quot;,&quot;background_background&quot;:&quot;classic&quot;}\">\n\t\t\t\t\t\t<div class=\"elementor-container elementor-column-gap-no\">\n\t\t\t\t\t<div class=\"elementor-column elementor-col-100 elementor-top-column elementor-element elementor-element-5895708\" data-id=\"5895708\" data-element_type=\"column\" data-e-type=\"column\" data-settings=\"{&quot;background_background&quot;:&quot;classic&quot;}\">\n\t\t\t<div class=\"elementor-widget-wrap elementor-element-populated\">\n\t\t\t\t\t\t<div class=\"elementor-element elementor-element-1f63f32 elementor-widget elementor-widget-wp-widget-wpbookzowidgetsearch\" data-id=\"1f63f32\" data-element_type=\"widget\" data-e-type=\"widget\" data-widget_type=\"wp-widget-wpbookzowidgetsearch.default\">\n\t\t\t\t<div class=\"elementor-widget-container\">\n\t\t\t\t\t<div class=\"bz-search\">\r\n\t<form action=\"https:\/\/www.mienthuis.nl\/de\/accommodaties\/?layout=results\" method=\"post\" class=\"bz-form bz-form-full\" >\r\n\t\t<div class=\"bz-grid \">\r\n\t\t\t\t\t\t<div class=\"bz-width-1-1 bz-width-medium-1-5 bz-width-small-1-2 th-field-persons\">\r\n\t\t\t\t<label class=\"bz-label\">\r\n\t\t\t\t\t<i class=\"fa fa-user\"><\/i>\t\t\t\t\tPersonen:\r\n\t\t\t\t<\/label>\r\n\t\t\t\t<select name=\"persons\" id=\"persons\" data-bz-search><option value=\"1\" >1 Person<\/option><option value=\"2\"  selected=\"selected\">2 Personen<\/option><option value=\"3\" >3 Personen<\/option><option value=\"4\" >4 Personen<\/option><\/select>\t\t\t<\/div>\r\n\t\t\t\t\t\t\t\t\t\t<div class=\"bz-width-1-1 bz-width-medium-1-5 bz-width-small-1-2 th-field-month\">\r\n\t\t\t\t\t<label class=\"bz-label\">\r\n\t\t\t\t\t\t<i class=\"fa fa-calendar\"><\/i>\t\t\t\t\t\tMonat:\r\n\t\t\t\t\t<\/label>\r\n\t\t\t\t\t<select name=\"month\" id=\"month\" data-bz-search><option value=\"\" >--<\/option><\/select>\t\t\t\t<\/div>\r\n\t\t\t\t\t\t\t\t\t<div class=\"bz-width-1-1 bz-width-medium-1-5 bz-width-small-1-2 th-field-arrival\">\r\n\t\t\t\t<label class=\"bz-label\">\r\n\t\t\t\t\t<i class=\"fa fa-flag\"><\/i>\t\t\t\t\tAnreise:\r\n\t\t\t\t<\/label>\r\n\t\t\t\t<select name=\"arrival\" id=\"arrival\" data-bz-search><option value=\"\"  selected=\"selected\">--<\/option><\/select>\t\t\t<\/div>\r\n\t\t\t\t\t\t\t<div class=\"bz-width-1-1 bz-width-medium-1-5 bz-width-small-1-2 th-field-departure\">\r\n\t\t\t\t\t<label class=\"bz-label\">\r\n\t\t\t\t\t\t<i class=\"fa fa-suitcase\"><\/i>\t\t\t\t\t\tAbreise:\r\n\t\t\t\t\t<\/label>\r\n\t\t\t\t\t<select name=\"departure\" id=\"departure\" ><option value=\"\"  selected=\"selected\">--<\/option><\/select>\t\t\t\t<\/div>\r\n\t\t\t\t\t\t\t\t\t<div class=\"bz-width-1-1 bz-width-medium-1-5  buttonrow\">\r\n\t\t\t\t<button type=\"submit\" id=\"Submit2\" class=\"bz-button bz-button-primary\">\r\n\t\t\t\t\t<i class=\"fa fa-search\"><\/i>\t\t\t\t\tSuchen\t\t\t\t<\/button>\r\n\t\t\t<\/div>\r\n\t\t<\/div>\r\n\t\t\t\t\t\t\t\t<input type=\"hidden\" name=\"task\" value=\"results.search\" \/>\r\n\t\t\t\t\t\t\t\t\t<\/form>\r\n\r\n\r\n<\/div>\t\t\t\t<\/div>\n\t\t\t\t<\/div>\n\t\t\t\t\t<\/div>\n\t\t<\/div>\n\t\t\t\t\t<\/div>\n\t\t<\/section>\n\t\t\t\t<section class=\"elementor-section elementor-top-section elementor-element elementor-element-ab752dc elementor-section-boxed elementor-section-height-default elementor-section-height-default\" data-id=\"ab752dc\" data-element_type=\"section\" data-e-type=\"section\">\n\t\t\t\t\t\t<div class=\"elementor-container elementor-column-gap-default\">\n\t\t\t\t\t<div class=\"elementor-column elementor-col-50 elementor-top-column elementor-element elementor-element-1c23e7c\" data-id=\"1c23e7c\" data-element_type=\"column\" data-e-type=\"column\">\n\t\t\t<div class=\"elementor-widget-wrap elementor-element-populated\">\n\t\t\t\t\t\t<div class=\"elementor-element elementor-element-2b20093 elementor-widget elementor-widget-heading\" data-id=\"2b20093\" data-element_type=\"widget\" data-e-type=\"widget\" data-widget_type=\"heading.default\">\n\t\t\t\t<div class=\"elementor-widget-container\">\n\t\t\t\t\t<h1 class=\"elementor-heading-title elementor-size-default\">\u00dcber die Vermieter &amp; die Geschichte von Mienthuis<\/h1>\t\t\t\t<\/div>\n\t\t\t\t<\/div>\n\t\t\t\t<div class=\"elementor-element elementor-element-21f2ec2 elementor-widget elementor-widget-text-editor\" data-id=\"21f2ec2\" data-element_type=\"widget\" data-e-type=\"widget\" data-widget_type=\"text-editor.default\">\n\t\t\t\t<div class=\"elementor-widget-container\">\n\t\t\t\t\t\t\t\t\t<p>Janet und Simon Lap sind auf Texel geboren und aufgewachsen. Ihre gastfreundlichen Vermieter stehen Ihnen gerne pers\u00f6nlich mit Rat und Tat zur Seite und haben sich als Ziel gesetzt, Ihren Aufenthalt so angenehm wie m\u00f6glich zu gestalten. Sie kennen die Insel wie ihre Westentasche und informieren Sie gern, wo und wann auf Texel etwas zu erleben ist.<\/p><p>Die Vermieter wohnen im Mienthuis neben den Ferienh\u00e4usern. Das Mienthuis wurde 1908 erbaut. Mit seinem Reetdach und einem wundersch\u00f6nen Garten mit Panoramablick hat es eine authentische Texeler Ausstrahlung.<\/p><p>Die Ferienh\u00e4user verdanken ihre Namen Prinz Hendrik, von dem gesagt wird, dass er das Mienthuis f\u00fcr die Jagd hat bauen lassen. Die Namen der Ferienh\u00e4user &#8211; Jonker, Jonkvrouw und Prins &#8211; gehen daher auf niederl\u00e4ndische Adelstitel zur\u00fcck.<\/p><p>Das Mienthuis und die Ferienh\u00e4user stehen am Rand des Texeler Nationalparks De Dennenbossen. Ein wundervoller Urlaubsort, sch\u00f6n in Strandn\u00e4he und mit freier Sicht auf die Wiesen im Westen der Insel. Die Familie Lap freut sich auf Ihren Besuch!<\/p>\t\t\t\t\t\t\t\t<\/div>\n\t\t\t\t<\/div>\n\t\t\t\t\t<\/div>\n\t\t<\/div>\n\t\t\t\t<div class=\"elementor-column elementor-col-50 elementor-top-column elementor-element elementor-element-90d4213\" data-id=\"90d4213\" data-element_type=\"column\" data-e-type=\"column\">\n\t\t\t<div class=\"elementor-widget-wrap elementor-element-populated\">\n\t\t\t\t\t\t<div class=\"elementor-element elementor-element-ac9b223 elementor-widget elementor-widget-image\" data-id=\"ac9b223\" data-element_type=\"widget\" data-e-type=\"widget\" data-widget_type=\"image.default\">\n\t\t\t\t<div class=\"elementor-widget-container\">\n\t\t\t\t\t\t\t\t\t\t\t\t\t\t\t<img fetchpriority=\"high\" decoding=\"async\" width=\"513\" height=\"513\" src=\"https:\/\/www.mienthuis.nl\/wp-content\/uploads\/2018\/07\/Simon-Janet-Lap.jpg\" class=\"attachment-full size-full wp-image-1047\" alt=\"\" srcset=\"https:\/\/www.mienthuis.nl\/wp-content\/uploads\/2018\/07\/Simon-Janet-Lap.jpg 513w, https:\/\/www.mienthuis.nl\/wp-content\/uploads\/2018\/07\/Simon-Janet-Lap-150x150.jpg 150w, https:\/\/www.mienthuis.nl\/wp-content\/uploads\/2018\/07\/Simon-Janet-Lap-300x300.jpg 300w\" sizes=\"(max-width: 513px) 100vw, 513px\" \/>\t\t\t\t\t\t\t\t\t\t\t\t\t\t\t<\/div>\n\t\t\t\t<\/div>\n\t\t\t\t\t<\/div>\n\t\t<\/div>\n\t\t\t\t\t<\/div>\n\t\t<\/section>\n\t\t\t\t<\/div>\n\t\t","protected":false},"excerpt":{"rendered":"<p>\u00dcber die Vermieter &#038; die Geschichte von Mienthuis Janet und Simon Lap sind auf Texel geboren und aufgewachsen. Ihre gastfreundlichen Vermieter stehen Ihnen gerne pers\u00f6nlich mit Rat und Tat zur Seite und haben sich als Ziel gesetzt, Ihren Aufenthalt so angenehm wie m\u00f6glich zu gestalten. Sie kennen die Insel wie ihre Westentasche und informieren Sie [&hellip;]<\/p>\n","protected":false},"author":1,"featured_media":0,"parent":0,"menu_order":0,"comment_status":"closed","ping_status":"closed","template":"","meta":{"site-sidebar-layout":"no-sidebar","site-content-layout":"page-builder","ast-site-content-layout":"default","site-content-style":"default","site-sidebar-style":"default","ast-global-header-display":"","ast-banner-title-visibility":"","ast-main-header-display":"","ast-hfb-above-header-display":"","ast-hfb-below-header-display":"","ast-hfb-mobile-header-display":"","site-post-title":"disabled","ast-breadcrumbs-content":"","ast-featured-img":"disabled","footer-sml-layout":"","ast-disable-related-posts":"","theme-transparent-header-meta":"default","adv-header-id-meta":"","stick-header-meta":"default","header-above-stick-meta":"","header-main-stick-meta":"","header-below-stick-meta":"","astra-migrate-meta-layouts":"default","ast-page-background-enabled":"default","ast-page-background-meta":{"desktop":{"background-color":"","background-image":"","background-repeat":"repeat","background-position":"center center","background-size":"auto","background-attachment":"scroll","background-type":"","background-media":"","overlay-type":"","overlay-color":"","overlay-opacity":"","overlay-gradient":""},"tablet":{"background-color":"","background-image":"","background-repeat":"repeat","background-position":"center center","background-size":"auto","background-attachment":"scroll","background-type":"","background-media":"","overlay-type":"","overlay-color":"","overlay-opacity":"","overlay-gradient":""},"mobile":{"background-color":"","background-image":"","background-repeat":"repeat","background-position":"center center","background-size":"auto","background-attachment":"scroll","background-type":"","background-media":"","overlay-type":"","overlay-color":"","overlay-opacity":"","overlay-gradient":""}},"ast-content-background-meta":{"desktop":{"background-color":"var(--ast-global-color-5)","background-image":"","background-repeat":"repeat","background-position":"center center","background-size":"auto","background-attachment":"scroll","background-type":"","background-media":"","overlay-type":"","overlay-color":"","overlay-opacity":"","overlay-gradient":""},"tablet":{"background-color":"var(--ast-global-color-5)","background-image":"","background-repeat":"repeat","background-position":"center center","background-size":"auto","background-attachment":"scroll","background-type":"","background-media":"","overlay-type":"","overlay-color":"","overlay-opacity":"","overlay-gradient":""},"mobile":{"background-color":"var(--ast-global-color-5)","background-image":"","background-repeat":"repeat","background-position":"center center","background-size":"auto","background-attachment":"scroll","background-type":"","background-media":"","overlay-type":"","overlay-color":"","overlay-opacity":"","overlay-gradient":""}},"footnotes":""},"class_list":["post-1665","page","type-page","status-publish","hentry"],"_links":{"self":[{"href":"https:\/\/www.mienthuis.nl\/de\/wp-json\/wp\/v2\/pages\/1665","targetHints":{"allow":["GET"]}}],"collection":[{"href":"https:\/\/www.mienthuis.nl\/de\/wp-json\/wp\/v2\/pages"}],"about":[{"href":"https:\/\/www.mienthuis.nl\/de\/wp-json\/wp\/v2\/types\/page"}],"author":[{"embeddable":true,"href":"https:\/\/www.mienthuis.nl\/de\/wp-json\/wp\/v2\/users\/1"}],"replies":[{"embeddable":true,"href":"https:\/\/www.mienthuis.nl\/de\/wp-json\/wp\/v2\/comments?post=1665"}],"version-history":[{"count":2,"href":"https:\/\/www.mienthuis.nl\/de\/wp-json\/wp\/v2\/pages\/1665\/revisions"}],"predecessor-version":[{"id":1667,"href":"https:\/\/www.mienthuis.nl\/de\/wp-json\/wp\/v2\/pages\/1665\/revisions\/1667"}],"wp:attachment":[{"href":"https:\/\/www.mienthuis.nl\/de\/wp-json\/wp\/v2\/media?parent=1665"}],"curies":[{"name":"wp","href":"https:\/\/api.w.org\/{rel}","templated":true}]}}